{"id":2972,"date":"2020-05-29T23:03:08","date_gmt":"2020-05-29T21:03:08","guid":{"rendered":"https:\/\/sudindustrie3109.fr\/wordpress\/?page_id=2972"},"modified":"2020-05-29T23:03:08","modified_gmt":"2020-05-29T21:03:08","slug":"newsletter","status":"publish","type":"page","link":"https:\/\/sudindustrie3109.fr\/wordpress\/newsletter\/","title":{"rendered":"Newsletter"},"content":{"rendered":"\n<h4 class=\"wp-block-heading\">Pour vous abonner \u00e0 notre Lettre d&rsquo;information mensuelle<\/h4>\n\n\n\n<p>En compl\u00e9tant le formulaire, vous pouvez vous abonner \u00e0 notre lettre d&rsquo;information. Les champs marqu\u00e9s d&rsquo;une \u00e9toile sont obligatoires.<\/p>\n\n\n<p>[mailpoet_form id=\u00a0\u00bb1&Prime;]<\/p>\n\n\n\n<p>Une fois le formulaire d&rsquo;abonnement envoy\u00e9, vous recevrez dans votre bo\u00eete mail un message de confirmation avec un lien de confirmation. <\/p>\n\n\n\n<p>En cliquant sur ce lien, l&rsquo;abonnement sera d\u00e9finitivement valid\u00e9 et vous recevrez votre premi\u00e8re lettre d&rsquo;information.<\/p>\n","protected":false},"excerpt":{"rendered":"<p>Pour vous abonner \u00e0 notre Lettre d&rsquo;information mensuelle En compl\u00e9tant le formulaire, vous pouvez vous abonner \u00e0 notre lettre d&rsquo;information. Les champs marqu\u00e9s d&rsquo;une \u00e9toile sont obligatoires. Une fois le formulaire d&rsquo;abonnement envoy\u00e9, vous recevrez dans votre bo\u00eete mail un message de confirmation avec un lien de confirmation. En cliquant sur ce lien, l&rsquo;abonnement sera [&hellip;]<\/p>\n","protected":false},"author":1,"featured_media":0,"parent":0,"menu_order":0,"comment_status":"closed","ping_status":"closed","template":"","meta":{"ngg_post_thumbnail":0,"footnotes":""},"class_list":["post-2972","page","type-page","status-publish","hentry"],"_links":{"self":[{"href":"https:\/\/sudindustrie3109.fr\/wordpress\/wp-json\/wp\/v2\/pages\/2972","targetHints":{"allow":["GET"]}}],"collection":[{"href":"https:\/\/sudindustrie3109.fr\/wordpress\/wp-json\/wp\/v2\/pages"}],"about":[{"href":"https:\/\/sudindustrie3109.fr\/wordpress\/wp-json\/wp\/v2\/types\/page"}],"author":[{"embeddable":true,"href":"https:\/\/sudindustrie3109.fr\/wordpress\/wp-json\/wp\/v2\/users\/1"}],"replies":[{"embeddable":true,"href":"https:\/\/sudindustrie3109.fr\/wordpress\/wp-json\/wp\/v2\/comments?post=2972"}],"version-history":[{"count":1,"href":"https:\/\/sudindustrie3109.fr\/wordpress\/wp-json\/wp\/v2\/pages\/2972\/revisions"}],"predecessor-version":[{"id":2973,"href":"https:\/\/sudindustrie3109.fr\/wordpress\/wp-json\/wp\/v2\/pages\/2972\/revisions\/2973"}],"wp:attachment":[{"href":"https:\/\/sudindustrie3109.fr\/wordpress\/wp-json\/wp\/v2\/media?parent=2972"}],"curies":[{"name":"wp","href":"https:\/\/api.w.org\/{rel}","templated":true}]}}