{"id":50,"date":"2019-10-08T19:07:41","date_gmt":"2019-10-08T17:07:41","guid":{"rendered":"https:\/\/sudindustrie3109.fr\/wordpress\/?page_id=50"},"modified":"2023-01-17T14:23:11","modified_gmt":"2023-01-17T13:23:11","slug":"nous-connaitre","status":"publish","type":"page","link":"https:\/\/sudindustrie3109.fr\/wordpress\/nous-connaitre\/","title":{"rendered":"Nous Conna\u00eetre"},"content":{"rendered":"\n<p class=\"has-very-dark-gray-color has-text-color\"><a>Sud  Industrie 31-09 syndique des travailleuses et des travailleurs des  industries de Haute-Garonne et de l&rsquo;Ari\u00e8ge et plus g\u00e9n\u00e9ralement aide au d\u00e9veloppement  des syndicats du priv\u00e9 de Solidaires.<\/a><\/p>\n\n\n\n<hr class=\"wp-block-separator has-css-opacity\"\/>\n\n\n\n<div class=\"wp-block-columns has-2-columns is-layout-flex wp-container-core-columns-is-layout-28f84493 wp-block-columns-is-layout-flex\">\n<div class=\"wp-block-column is-layout-flow wp-block-column-is-layout-flow\">\n<p>Nous sommes affili\u00e9s nationalement \u00e0 l&rsquo;Union F\u00e9d\u00e9rale SUD Industrie.  Pour plus d&rsquo;informations allez sur la page de l&rsquo;<a rel=\"noreferrer noopener\" href=\"https:\/\/sudindustrie.org\" target=\"_blank\">Union F\u00e9d\u00e9rale SUD Industrie<\/a><a rel=\"noreferrer noopener\" href=\"https:\/\/sudindustrie.org\" target=\"_blank\"><\/a>.<\/p>\n\n\n\n<h2 class=\"wp-block-heading\" id=\"nos-statuts\">Nos statuts<\/h2>\n\n\n\n<figure class=\"wp-block-image size-thumbnail\"><a href=\"https:\/\/sudindustrie3109.fr\/wordpress\/wp-content\/uploads\/2022\/12\/Statuts-SUD-industrie31-09.pdf\" target=\"_blank\" rel=\"noreferrer noopener\"><img loading=\"lazy\" decoding=\"async\" width=\"150\" height=\"150\" src=\"https:\/\/sudindustrie3109.fr\/wordpress\/wp-content\/uploads\/2020\/02\/pdf-150x150.png\" alt=\"\" class=\"wp-image-2854\" srcset=\"https:\/\/sudindustrie3109.fr\/wordpress\/wp-content\/uploads\/2020\/02\/pdf-150x150.png 150w, https:\/\/sudindustrie3109.fr\/wordpress\/wp-content\/uploads\/2020\/02\/pdf-300x300.png 300w, https:\/\/sudindustrie3109.fr\/wordpress\/wp-content\/uploads\/2020\/02\/pdf-768x768.png 768w, https:\/\/sudindustrie3109.fr\/wordpress\/wp-content\/uploads\/2020\/02\/pdf-144x144.png 144w, https:\/\/sudindustrie3109.fr\/wordpress\/wp-content\/uploads\/2020\/02\/pdf.png 1000w\" sizes=\"auto, (max-width: 150px) 100vw, 150px\" \/><\/a><figcaption class=\"wp-element-caption\">Statuts SUD Industrie 31-09<\/figcaption><\/figure>\n\n\n\n<p><a href=\"https:\/\/sudindustrie3109.fr\/wordpress\/wp-content\/uploads\/2022\/12\/Statuts-SUD-industrie31-09.pdf\">Statuts de SUD Industrie 31-09<\/a><\/p>\n<\/div>\n\n\n\n<div class=\"wp-block-column is-layout-flow wp-block-column-is-layout-flow\">\n<p>Nous sommes aussi adh\u00e9rents de l&rsquo;Union Syndicale Solidaires Haute Garonne constitu\u00e9e de plus de 30 syndicats d\u00e9partementaux (ou sections syndicales) qui regroupent pr\u00e9s de 4000 adh\u00e9rent-es. Pour en savoir plus, allez sur la page se <a rel=\"noreferrer noopener\" aria-label=\"Solidaires 31 (s\u2019ouvre dans un nouvel onglet)\" href=\"https:\/\/www.solidaires31.fr\" target=\"_blank\">Solidaires 31<\/a>.<\/p>\n\n\n\n<h2 class=\"wp-block-heading\" id=\"nos-comptes\">Nos comptes<\/h2>\n\n\n\n<p>Nos comptes sont d\u00e9pos\u00e9s et consultables au journal officiel.<\/p>\n\n\n\n<figure class=\"wp-block-image size-full wp-duotone-rgb15938211-rgb245226121-1\"><a href=\"https:\/\/www.journal-officiel.gouv.fr\/pages\/osop-detail\/?q.id=id_entite:904079159&amp;sort=datecloture\" target=\"_blank\" rel=\"noopener\"><img loading=\"lazy\" decoding=\"async\" width=\"767\" height=\"156\" src=\"https:\/\/sudindustrie3109.fr\/wordpress\/wp-content\/uploads\/2022\/02\/ComptesSUDIndustrie.png\" alt=\"\" class=\"wp-image-3208\" srcset=\"https:\/\/sudindustrie3109.fr\/wordpress\/wp-content\/uploads\/2022\/02\/ComptesSUDIndustrie.png 767w, https:\/\/sudindustrie3109.fr\/wordpress\/wp-content\/uploads\/2022\/02\/ComptesSUDIndustrie-300x61.png 300w\" sizes=\"auto, (max-width: 767px) 100vw, 767px\" \/><\/a><figcaption class=\"wp-element-caption\"><em>En cliquant sur l&rsquo;image vous pourrez consulter nos comptes <strong>\u00e0 partir de 2021<\/strong><\/em><\/figcaption><\/figure>\n\n\n\n<figure class=\"wp-block-image\"><a href=\"https:\/\/www.journal-officiel.gouv.fr\/pages\/osop-detail\/?q.id=id_entite:D00005428&amp;sort=datecloture\" target=\"_blank\" rel=\"noreferrer noopener\"><img loading=\"lazy\" decoding=\"async\" width=\"569\" height=\"161\" src=\"https:\/\/sudindustrie3109.fr\/wordpress\/wp-content\/uploads\/2019\/11\/Publication-Comptes.png\" alt=\"\" class=\"wp-image-176\" srcset=\"https:\/\/sudindustrie3109.fr\/wordpress\/wp-content\/uploads\/2019\/11\/Publication-Comptes.png 569w, https:\/\/sudindustrie3109.fr\/wordpress\/wp-content\/uploads\/2019\/11\/Publication-Comptes-300x85.png 300w\" sizes=\"auto, (max-width: 569px) 100vw, 569px\" \/><\/a><figcaption class=\"wp-element-caption\"><em>En cliquant sur l&rsquo;image vous pourrez consulter nos comptes avant 2021<\/em><\/figcaption><\/figure>\n<\/div>\n<\/div>\n\n\n<p><iframe loading=\"lazy\" src=\"https:\/\/player.vimeo.com\/video\/182849961\" allowfullscreen=\"\" width=\"640\" height=\"426\" frameborder=\"0\"><\/iframe><\/p>\n","protected":false},"excerpt":{"rendered":"<p>Sud Industrie 31-09 syndique des travailleuses et des travailleurs des industries de Haute-Garonne et de l&rsquo;Ari\u00e8ge et plus g\u00e9n\u00e9ralement aide au d\u00e9veloppement des syndicats du priv\u00e9 de Solidaires. Nous sommes affili\u00e9s nationalement \u00e0 l&rsquo;Union F\u00e9d\u00e9rale SUD Industrie. Pour plus d&rsquo;informations allez sur la page de l&rsquo;Union F\u00e9d\u00e9rale SUD Industrie. Nos statuts Statuts de SUD Industrie [&hellip;]<\/p>\n","protected":false},"author":1,"featured_media":0,"parent":0,"menu_order":0,"comment_status":"closed","ping_status":"closed","template":"","meta":{"ngg_post_thumbnail":0,"footnotes":""},"class_list":["post-50","page","type-page","status-publish","hentry"],"_links":{"self":[{"href":"https:\/\/sudindustrie3109.fr\/wordpress\/wp-json\/wp\/v2\/pages\/50","targetHints":{"allow":["GET"]}}],"collection":[{"href":"https:\/\/sudindustrie3109.fr\/wordpress\/wp-json\/wp\/v2\/pages"}],"about":[{"href":"https:\/\/sudindustrie3109.fr\/wordpress\/wp-json\/wp\/v2\/types\/page"}],"author":[{"embeddable":true,"href":"https:\/\/sudindustrie3109.fr\/wordpress\/wp-json\/wp\/v2\/users\/1"}],"replies":[{"embeddable":true,"href":"https:\/\/sudindustrie3109.fr\/wordpress\/wp-json\/wp\/v2\/comments?post=50"}],"version-history":[{"count":22,"href":"https:\/\/sudindustrie3109.fr\/wordpress\/wp-json\/wp\/v2\/pages\/50\/revisions"}],"predecessor-version":[{"id":3311,"href":"https:\/\/sudindustrie3109.fr\/wordpress\/wp-json\/wp\/v2\/pages\/50\/revisions\/3311"}],"wp:attachment":[{"href":"https:\/\/sudindustrie3109.fr\/wordpress\/wp-json\/wp\/v2\/media?parent=50"}],"curies":[{"name":"wp","href":"https:\/\/api.w.org\/{rel}","templated":true}]}}