{"id":74,"date":"2019-10-10T00:12:04","date_gmt":"2019-10-09T22:12:04","guid":{"rendered":"https:\/\/sudindustrie3109.fr\/wordpress\/?page_id=74"},"modified":"2022-12-22T14:46:04","modified_gmt":"2022-12-22T13:46:04","slug":"adherer","status":"publish","type":"page","link":"https:\/\/sudindustrie3109.fr\/wordpress\/adherer\/","title":{"rendered":"ADH\u00c9RER"},"content":{"rendered":"\n<p>Rejoignez nous, adh\u00e9rez et participez \u00e0 une de nos sections syndicales.<\/p>\n\n\n\n<div class=\"wp-block-algori-pdf-viewer-block-algori-pdf-viewer\"><iframe class=\"wp-block-algori-pdf-viewer-block-algori-pdf-viewer-iframe\" src=\"https:\/\/sudindustrie3109.fr\/wordpress\/wp-content\/plugins\/algori-pdf-viewer\/dist\/web\/viewer.html?file=https%3A%2F%2Fsudindustrie3109.fr%2Fwordpress%2Fwp-content%2Fuploads%2F2022%2F02%2Fbulletin-adhe%CC%81sion-Solidaires2022.pdf\" style=\"width:600px;height:830px\"><\/iframe><\/div>\n\n\n\n<div class=\"wp-block-advgb-button alignnone\"><a class=\"wp-block-advgb-button_link advgbbtn-762be0cc-8ec8-4ab2-8713-38db18126055\" href=\"https:\/\/sudindustrie3109.fr\/wordpress\/wp-content\/uploads\/2022\/02\/bulletin-adhe\u0301sion-Solidaires2022.pdf\" target=\"_blank\" rel=\"noopener noreferrer\"><span>T\u00e9l\u00e9charger le bulletin d&rsquo;adh\u00e9sion<\/span><\/a><\/div>\n\n\n\n<p>Pour tous renseignements compl\u00e9mentaires, contacter le tr\u00e9sorier de SUD Industrie 31-09 par <a rel=\"noreferrer noopener\" aria-label=\"mail \ud83d\udce9 (opens in a new tab)\" href=\"mailto:tresorier@sudindustrie3109.fr\" target=\"_blank\">mail \ud83d\udce9<\/a>.<\/p>\n","protected":false},"excerpt":{"rendered":"<p>Rejoignez nous, adh\u00e9rez et participez \u00e0 une de nos sections syndicales. Pour tous renseignements compl\u00e9mentaires, contacter le tr\u00e9sorier de SUD Industrie 31-09 par mail \ud83d\udce9.<\/p>\n","protected":false},"author":1,"featured_media":0,"parent":0,"menu_order":0,"comment_status":"closed","ping_status":"closed","template":"","meta":{"ngg_post_thumbnail":0,"footnotes":""},"class_list":["post-74","page","type-page","status-publish","hentry"],"_links":{"self":[{"href":"https:\/\/sudindustrie3109.fr\/wordpress\/wp-json\/wp\/v2\/pages\/74","targetHints":{"allow":["GET"]}}],"collection":[{"href":"https:\/\/sudindustrie3109.fr\/wordpress\/wp-json\/wp\/v2\/pages"}],"about":[{"href":"https:\/\/sudindustrie3109.fr\/wordpress\/wp-json\/wp\/v2\/types\/page"}],"author":[{"embeddable":true,"href":"https:\/\/sudindustrie3109.fr\/wordpress\/wp-json\/wp\/v2\/users\/1"}],"replies":[{"embeddable":true,"href":"https:\/\/sudindustrie3109.fr\/wordpress\/wp-json\/wp\/v2\/comments?post=74"}],"version-history":[{"count":17,"href":"https:\/\/sudindustrie3109.fr\/wordpress\/wp-json\/wp\/v2\/pages\/74\/revisions"}],"predecessor-version":[{"id":3305,"href":"https:\/\/sudindustrie3109.fr\/wordpress\/wp-json\/wp\/v2\/pages\/74\/revisions\/3305"}],"wp:attachment":[{"href":"https:\/\/sudindustrie3109.fr\/wordpress\/wp-json\/wp\/v2\/media?parent=74"}],"curies":[{"name":"wp","href":"https:\/\/api.w.org\/{rel}","templated":true}]}}