{"id":85,"date":"2019-10-26T17:05:35","date_gmt":"2019-10-26T15:05:35","guid":{"rendered":"https:\/\/sudindustrie3109.fr\/wordpress\/?page_id=85"},"modified":"2019-10-26T17:05:35","modified_gmt":"2019-10-26T15:05:35","slug":"vitesco-technologies","status":"publish","type":"page","link":"https:\/\/sudindustrie3109.fr\/wordpress\/vitesco-technologies\/","title":{"rendered":"Vitesco Technologies"},"content":{"rendered":"\n<p>Suite aux \u00e9lections de janvier 2019, notre syndicat est majoritaire dans cette entreprise regroupant des sites \u00e0 Toulouse, Foix, Boussens et Cergy (r\u00e9gion parisienne).<\/p>\n\n\n\n<p> Vitesco Technologies (initialement appel\u00e9e CPT France) a \u00e9t\u00e9 cr\u00e9e \u00e0 partir de la filialisation de l&rsquo;activit\u00e9 contr\u00f4le moteur de Continental Automotive France qui a abouti \u00e0 la cr\u00e9ation d&rsquo;une filiale de CAF.<\/p>\n\n\n\n<p>Toute l&rsquo;actualit\u00e9 et les informations sur nos activit\u00e9s au sein de Vitesco Technologies sur le site <a rel=\"noreferrer noopener\" aria-label=\"Solidaires Conti (s\u2019ouvre dans un nouvel onglet)\" href=\"https:\/\/solidairesconti.org\" target=\"_blank\">Solidaires Conti<\/a>.<\/p>\n\n\n\n<figure class=\"wp-block-image\"><a href=\"https:\/\/solidairesconti.org\" target=\"_blank\" rel=\"noreferrer noopener\"><img loading=\"lazy\" decoding=\"async\" width=\"965\" height=\"345\" src=\"https:\/\/sudindustrie3109.fr\/wordpress\/wp-content\/uploads\/2019\/10\/Solidaires-Vitesco.png\" alt=\"\" class=\"wp-image-86\" srcset=\"https:\/\/sudindustrie3109.fr\/wordpress\/wp-content\/uploads\/2019\/10\/Solidaires-Vitesco.png 965w, https:\/\/sudindustrie3109.fr\/wordpress\/wp-content\/uploads\/2019\/10\/Solidaires-Vitesco-300x107.png 300w, https:\/\/sudindustrie3109.fr\/wordpress\/wp-content\/uploads\/2019\/10\/Solidaires-Vitesco-768x275.png 768w\" sizes=\"auto, (max-width: 965px) 100vw, 965px\" \/><\/a><\/figure>\n\n\n\n<p>Rejoignez nous tous les lundi de 13H \u00e0 14H au local syndical \u00e0 Toulouse.<\/p>\n","protected":false},"excerpt":{"rendered":"<p>Suite aux \u00e9lections de janvier 2019, notre syndicat est majoritaire dans cette entreprise regroupant des sites \u00e0 Toulouse, Foix, Boussens et Cergy (r\u00e9gion parisienne). Vitesco Technologies (initialement appel\u00e9e CPT France) a \u00e9t\u00e9 cr\u00e9e \u00e0 partir de la filialisation de l&rsquo;activit\u00e9 contr\u00f4le moteur de Continental Automotive France qui a abouti \u00e0 la cr\u00e9ation d&rsquo;une filiale de [&hellip;]<\/p>\n","protected":false},"author":1,"featured_media":86,"parent":0,"menu_order":0,"comment_status":"closed","ping_status":"closed","template":"","meta":{"ngg_post_thumbnail":0,"footnotes":""},"class_list":["post-85","page","type-page","status-publish","has-post-thumbnail","hentry"],"_links":{"self":[{"href":"https:\/\/sudindustrie3109.fr\/wordpress\/wp-json\/wp\/v2\/pages\/85","targetHints":{"allow":["GET"]}}],"collection":[{"href":"https:\/\/sudindustrie3109.fr\/wordpress\/wp-json\/wp\/v2\/pages"}],"about":[{"href":"https:\/\/sudindustrie3109.fr\/wordpress\/wp-json\/wp\/v2\/types\/page"}],"author":[{"embeddable":true,"href":"https:\/\/sudindustrie3109.fr\/wordpress\/wp-json\/wp\/v2\/users\/1"}],"replies":[{"embeddable":true,"href":"https:\/\/sudindustrie3109.fr\/wordpress\/wp-json\/wp\/v2\/comments?post=85"}],"version-history":[{"count":2,"href":"https:\/\/sudindustrie3109.fr\/wordpress\/wp-json\/wp\/v2\/pages\/85\/revisions"}],"predecessor-version":[{"id":165,"href":"https:\/\/sudindustrie3109.fr\/wordpress\/wp-json\/wp\/v2\/pages\/85\/revisions\/165"}],"wp:featuredmedia":[{"embeddable":true,"href":"https:\/\/sudindustrie3109.fr\/wordpress\/wp-json\/wp\/v2\/media\/86"}],"wp:attachment":[{"href":"https:\/\/sudindustrie3109.fr\/wordpress\/wp-json\/wp\/v2\/media?parent=85"}],"curies":[{"name":"wp","href":"https:\/\/api.w.org\/{rel}","templated":true}]}}