{"id":88,"date":"2019-10-26T17:12:39","date_gmt":"2019-10-26T15:12:39","guid":{"rendered":"https:\/\/sudindustrie3109.fr\/wordpress\/?page_id=88"},"modified":"2019-10-26T17:12:39","modified_gmt":"2019-10-26T15:12:39","slug":"continental-automotive","status":"publish","type":"page","link":"https:\/\/sudindustrie3109.fr\/wordpress\/continental-automotive\/","title":{"rendered":"Continental Automotive"},"content":{"rendered":"\n<p>Suite aux \u00e9lections de janvier 2019, Solidaires est le premier syndicat de Continental Automotive France qui s&rsquo;est s\u00e9par\u00e9e de son activit\u00e9 \u00ab\u00a0Contr\u00f4le Moteur\u00a0\u00bb en cr\u00e9ant la filiale Vitesco Technologie.<\/p>\n\n\n\n<p>Nous nous retrouvons chaque lundi \u00e0 13H au local syndical Solidaires. Venez discuter avec vos repr\u00e9sentants.<\/p>\n\n\n\n<p>Toute l&rsquo;actualit\u00e9 et les informations sur nos activit\u00e9s au sein de Continental Automotive sur le site <a rel=\"noreferrer noopener\" aria-label=\"Solidaires Conti (s\u2019ouvre dans un nouvel onglet)\" href=\"https:\/\/solidairesconti.org\" target=\"_blank\">Solidaires Conti<\/a>.<\/p>\n\n\n\n<figure class=\"wp-block-image\"><a href=\"https:\/\/solidairesconti.org\" target=\"_blank\" rel=\"noreferrer noopener\"><img loading=\"lazy\" decoding=\"async\" width=\"965\" height=\"350\" src=\"https:\/\/sudindustrie3109.fr\/wordpress\/wp-content\/uploads\/2019\/10\/Solidaires-CAF.png\" alt=\"\" class=\"wp-image-89\" srcset=\"https:\/\/sudindustrie3109.fr\/wordpress\/wp-content\/uploads\/2019\/10\/Solidaires-CAF.png 965w, https:\/\/sudindustrie3109.fr\/wordpress\/wp-content\/uploads\/2019\/10\/Solidaires-CAF-300x109.png 300w, https:\/\/sudindustrie3109.fr\/wordpress\/wp-content\/uploads\/2019\/10\/Solidaires-CAF-768x279.png 768w\" sizes=\"auto, (max-width: 965px) 100vw, 965px\" \/><\/a><\/figure>\n","protected":false},"excerpt":{"rendered":"<p>Suite aux \u00e9lections de janvier 2019, Solidaires est le premier syndicat de Continental Automotive France qui s&rsquo;est s\u00e9par\u00e9e de son activit\u00e9 \u00ab\u00a0Contr\u00f4le Moteur\u00a0\u00bb en cr\u00e9ant la filiale Vitesco Technologie. Nous nous retrouvons chaque lundi \u00e0 13H au local syndical Solidaires. Venez discuter avec vos repr\u00e9sentants. Toute l&rsquo;actualit\u00e9 et les informations sur nos activit\u00e9s au sein [&hellip;]<\/p>\n","protected":false},"author":1,"featured_media":89,"parent":0,"menu_order":0,"comment_status":"closed","ping_status":"closed","template":"","meta":{"ngg_post_thumbnail":0,"footnotes":""},"class_list":["post-88","page","type-page","status-publish","has-post-thumbnail","hentry"],"_links":{"self":[{"href":"https:\/\/sudindustrie3109.fr\/wordpress\/wp-json\/wp\/v2\/pages\/88","targetHints":{"allow":["GET"]}}],"collection":[{"href":"https:\/\/sudindustrie3109.fr\/wordpress\/wp-json\/wp\/v2\/pages"}],"about":[{"href":"https:\/\/sudindustrie3109.fr\/wordpress\/wp-json\/wp\/v2\/types\/page"}],"author":[{"embeddable":true,"href":"https:\/\/sudindustrie3109.fr\/wordpress\/wp-json\/wp\/v2\/users\/1"}],"replies":[{"embeddable":true,"href":"https:\/\/sudindustrie3109.fr\/wordpress\/wp-json\/wp\/v2\/comments?post=88"}],"version-history":[{"count":2,"href":"https:\/\/sudindustrie3109.fr\/wordpress\/wp-json\/wp\/v2\/pages\/88\/revisions"}],"predecessor-version":[{"id":167,"href":"https:\/\/sudindustrie3109.fr\/wordpress\/wp-json\/wp\/v2\/pages\/88\/revisions\/167"}],"wp:featuredmedia":[{"embeddable":true,"href":"https:\/\/sudindustrie3109.fr\/wordpress\/wp-json\/wp\/v2\/media\/89"}],"wp:attachment":[{"href":"https:\/\/sudindustrie3109.fr\/wordpress\/wp-json\/wp\/v2\/media?parent=88"}],"curies":[{"name":"wp","href":"https:\/\/api.w.org\/{rel}","templated":true}]}}