{"id":91,"date":"2019-11-19T20:47:13","date_gmt":"2019-11-19T19:47:13","guid":{"rendered":"https:\/\/sudindustrie3109.fr\/wordpress\/?page_id=91"},"modified":"2019-11-19T20:47:13","modified_gmt":"2019-11-19T19:47:13","slug":"aubert-duval","status":"publish","type":"page","link":"https:\/\/sudindustrie3109.fr\/wordpress\/aubert-duval\/","title":{"rendered":"Aubert &#038; Duval"},"content":{"rendered":"\n<p>Aubert &amp; Duval est une entreprise de la m\u00e9tallurgie situ\u00e9e \u00e0 Pamiers en Ari\u00e8ge. Notre jeune section syndicale pr\u00e9pare les futures \u00e9lections professionnelles.<\/p>\n\n\n\n<figure class=\"wp-block-image is-resized\"><img loading=\"lazy\" decoding=\"async\" src=\"https:\/\/sudindustrie3109.fr\/wordpress\/wp-content\/uploads\/2019\/10\/Badge-AD-SUDIndustrie3109.svg\" alt=\"\" class=\"wp-image-140\" width=\"180\" height=\"180\" srcset=\"https:\/\/sudindustrie3109.fr\/wordpress\/wp-content\/uploads\/\/2019\/10\/Badge-AD-SUDIndustrie3109.svg 150w, https:\/\/sudindustrie3109.fr\/wordpress\/wp-content\/uploads\/\/2019\/10\/Badge-AD-SUDIndustrie3109.svg 300w, https:\/\/sudindustrie3109.fr\/wordpress\/wp-content\/uploads\/\/2019\/10\/Badge-AD-SUDIndustrie3109.svg 1024w, https:\/\/sudindustrie3109.fr\/wordpress\/wp-content\/uploads\/\/2019\/10\/Badge-AD-SUDIndustrie3109.svg 144w, https:\/\/sudindustrie3109.fr\/wordpress\/wp-content\/uploads\/\/2019\/10\/Badge-AD-SUDIndustrie3109.svg 600w\" sizes=\"auto, (max-width: 180px) 100vw, 180px\" \/><\/figure>\n\n\n<p>[pt_view id=\u00a0\u00bb3c01d3crzv\u00a0\u00bb]<\/p>\n","protected":false},"excerpt":{"rendered":"<p>Aubert &amp; Duval est une entreprise de la m\u00e9tallurgie situ\u00e9e \u00e0 Pamiers en Ari\u00e8ge. Notre jeune section syndicale pr\u00e9pare les futures \u00e9lections professionnelles.<\/p>\n","protected":false},"author":1,"featured_media":92,"parent":0,"menu_order":0,"comment_status":"closed","ping_status":"closed","template":"","meta":{"ngg_post_thumbnail":0,"footnotes":""},"class_list":["post-91","page","type-page","status-publish","has-post-thumbnail","hentry"],"_links":{"self":[{"href":"https:\/\/sudindustrie3109.fr\/wordpress\/wp-json\/wp\/v2\/pages\/91","targetHints":{"allow":["GET"]}}],"collection":[{"href":"https:\/\/sudindustrie3109.fr\/wordpress\/wp-json\/wp\/v2\/pages"}],"about":[{"href":"https:\/\/sudindustrie3109.fr\/wordpress\/wp-json\/wp\/v2\/types\/page"}],"author":[{"embeddable":true,"href":"https:\/\/sudindustrie3109.fr\/wordpress\/wp-json\/wp\/v2\/users\/1"}],"replies":[{"embeddable":true,"href":"https:\/\/sudindustrie3109.fr\/wordpress\/wp-json\/wp\/v2\/comments?post=91"}],"version-history":[{"count":4,"href":"https:\/\/sudindustrie3109.fr\/wordpress\/wp-json\/wp\/v2\/pages\/91\/revisions"}],"predecessor-version":[{"id":2368,"href":"https:\/\/sudindustrie3109.fr\/wordpress\/wp-json\/wp\/v2\/pages\/91\/revisions\/2368"}],"wp:featuredmedia":[{"embeddable":true,"href":"https:\/\/sudindustrie3109.fr\/wordpress\/wp-json\/wp\/v2\/media\/92"}],"wp:attachment":[{"href":"https:\/\/sudindustrie3109.fr\/wordpress\/wp-json\/wp\/v2\/media?parent=91"}],"curies":[{"name":"wp","href":"https:\/\/api.w.org\/{rel}","templated":true}]}}